{"id":3850,"date":"2025-10-06T16:35:05","date_gmt":"2025-10-06T14:35:05","guid":{"rendered":"https:\/\/weareonaris.com\/contact\/"},"modified":"2026-01-22T17:36:27","modified_gmt":"2026-01-22T16:36:27","slug":"contact","status":"publish","type":"page","link":"https:\/\/weareonaris.com\/en\/contact\/","title":{"rendered":"Contact"},"content":{"rendered":"\t\t<div data-elementor-type=\"wp-page\" data-elementor-id=\"3850\" class=\"elementor elementor-3850 elementor-1992\" data-elementor-post-type=\"page\">\n\t\t\t\t<div class=\"elementor-element elementor-element-d6ee58b e-con-full e-flex e-con e-parent\" data-id=\"d6ee58b\" data-element_type=\"container\" data-e-type=\"container\" data-settings=\"{&quot;background_background&quot;:&quot;classic&quot;}\">\n\t\t<div class=\"elementor-element elementor-element-e82ff0b e-con-full e-flex e-con e-child\" data-id=\"e82ff0b\" data-element_type=\"container\" data-e-type=\"container\">\n\t\t\t\t<div class=\"elementor-element elementor-element-e7b1b31 animated-slow elementor-widget-mobile__width-inherit elementor-invisible elementor-widget elementor-widget-heading\" data-id=\"e7b1b31\" data-element_type=\"widget\" data-e-type=\"widget\" data-settings=\"{&quot;_animation&quot;:&quot;fadeIn&quot;}\" data-widget_type=\"heading.default\">\n\t\t\t\t\t<h1 class=\"elementor-heading-title elementor-size-default\">We are here to listen<\/h1>\t\t\t\t<\/div>\n\t\t\t\t<div class=\"elementor-element elementor-element-ce63dab animated-slow elementor-invisible elementor-widget elementor-widget-text-editor\" data-id=\"ce63dab\" data-element_type=\"widget\" data-e-type=\"widget\" data-settings=\"{&quot;_animation&quot;:&quot;fadeIn&quot;}\" data-widget_type=\"text-editor.default\">\n\t\t\t\t\t\t\t\t\t<p>Leave your details, and we will ensure your inquiry receives the expert attention it needs.<\/p>\t\t\t\t\t\t\t\t<\/div>\n\t\t\t\t<\/div>\n\t\t<div class=\"elementor-element elementor-element-924e7b4 e-con-full animated-slow e-flex elementor-invisible e-con e-child\" data-id=\"924e7b4\" data-element_type=\"container\" data-e-type=\"container\" data-settings=\"{&quot;animation&quot;:&quot;fadeIn&quot;,&quot;animation_delay&quot;:300,&quot;background_background&quot;:&quot;classic&quot;}\">\n\t\t\t\t<div class=\"elementor-element elementor-element-9f31ae4 elementor-button-align-end elementor-widget elementor-widget-form\" data-id=\"9f31ae4\" data-element_type=\"widget\" data-e-type=\"widget\" data-settings=\"{&quot;button_width&quot;:&quot;40&quot;,&quot;step_next_label&quot;:&quot;After&quot;,&quot;step_previous_label&quot;:&quot;Before&quot;,&quot;step_type&quot;:&quot;number_text&quot;,&quot;step_icon_shape&quot;:&quot;circle&quot;}\" data-widget_type=\"form.default\">\n\t\t\t\t\t\t\t<form class=\"elementor-form\" method=\"post\" name=\"Request a demo\" aria-label=\"Request a demo\">\n\t\t\t<input type=\"hidden\" name=\"post_id\" value=\"3850\"\/>\n\t\t\t<input type=\"hidden\" name=\"form_id\" value=\"9f31ae4\"\/>\n\t\t\t<input type=\"hidden\" name=\"referer_title\" value=\"\" \/>\n\n\t\t\t\n\t\t\t<div class=\"elementor-form-fields-wrapper elementor-labels-above\">\n\t\t\t\t\t\t\t\t<div class=\"elementor-field-type-text elementor-field-group elementor-column elementor-field-group-name elementor-col-50 elementor-field-required elementor-mark-required\">\n\t\t\t\t\t\t\t\t\t\t\t\t<label for=\"form-field-name\" class=\"elementor-field-label\">\n\t\t\t\t\t\t\t\tName\t\t\t\t\t\t\t<\/label>\n\t\t\t\t\t\t\t\t\t\t\t\t\t\t<input size=\"1\" type=\"text\" name=\"form_fields[name]\" id=\"form-field-name\" class=\"elementor-field elementor-size-sm  elementor-field-textual\" required=\"required\">\n\t\t\t\t\t\t\t\t\t\t\t<\/div>\n\t\t\t\t\t\t\t\t<div class=\"elementor-field-type-text elementor-field-group elementor-column elementor-field-group-field_85b2072 elementor-col-50 elementor-field-required elementor-mark-required\">\n\t\t\t\t\t\t\t\t\t\t\t\t<label for=\"form-field-field_85b2072\" class=\"elementor-field-label\">\n\t\t\t\t\t\t\t\tSurname\t\t\t\t\t\t\t<\/label>\n\t\t\t\t\t\t\t\t\t\t\t\t\t\t<input size=\"1\" type=\"text\" name=\"form_fields[field_85b2072]\" id=\"form-field-field_85b2072\" class=\"elementor-field elementor-size-sm  elementor-field-textual\" required=\"required\">\n\t\t\t\t\t\t\t\t\t\t\t<\/div>\n\t\t\t\t\t\t\t\t<div class=\"elementor-field-type-tel elementor-field-group elementor-column elementor-field-group-field_e4b5a97 elementor-col-50 elementor-field-required elementor-mark-required\">\n\t\t\t\t\t\t\t\t\t\t\t\t<label for=\"form-field-field_e4b5a97\" class=\"elementor-field-label\">\n\t\t\t\t\t\t\t\tPhone\t\t\t\t\t\t\t<\/label>\n\t\t\t\t\t\t\t\t<input size=\"1\" type=\"tel\" name=\"form_fields[field_e4b5a97]\" id=\"form-field-field_e4b5a97\" class=\"elementor-field elementor-size-sm  elementor-field-textual\" required=\"required\" pattern=\"[0-9()#&amp;+*-=.]+\" title=\"Only numbers and phone characters (#, -, *, etc) are accepted.\">\n\n\t\t\t\t\t\t<\/div>\n\t\t\t\t\t\t\t\t<div class=\"elementor-field-type-text elementor-field-group elementor-column elementor-field-group-field_2be22c9 elementor-col-50 elementor-field-required elementor-mark-required\">\n\t\t\t\t\t\t\t\t\t\t\t\t<label for=\"form-field-field_2be22c9\" class=\"elementor-field-label\">\n\t\t\t\t\t\t\t\tCompany\t\t\t\t\t\t\t<\/label>\n\t\t\t\t\t\t\t\t\t\t\t\t\t\t<input size=\"1\" type=\"text\" name=\"form_fields[field_2be22c9]\" id=\"form-field-field_2be22c9\" class=\"elementor-field elementor-size-sm  elementor-field-textual\" required=\"required\">\n\t\t\t\t\t\t\t\t\t\t\t<\/div>\n\t\t\t\t\t\t\t\t<div class=\"elementor-field-type-email elementor-field-group elementor-column elementor-field-group-email elementor-col-100 elementor-field-required elementor-mark-required\">\n\t\t\t\t\t\t\t\t\t\t\t\t<label for=\"form-field-email\" class=\"elementor-field-label\">\n\t\t\t\t\t\t\t\tEmail\t\t\t\t\t\t\t<\/label>\n\t\t\t\t\t\t\t\t\t\t\t\t\t\t<input size=\"1\" type=\"email\" name=\"form_fields[email]\" id=\"form-field-email\" class=\"elementor-field elementor-size-sm  elementor-field-textual\" required=\"required\">\n\t\t\t\t\t\t\t\t\t\t\t<\/div>\n\t\t\t\t\t\t\t\t<div class=\"elementor-field-type-acceptance elementor-field-group elementor-column elementor-field-group-field_22eec5d elementor-col-60 elementor-field-required elementor-mark-required\">\n\t\t\t\t\t\t\t<div class=\"elementor-field-subgroup\">\n\t\t\t<span class=\"elementor-field-option\">\n\t\t\t\t<input type=\"checkbox\" name=\"form_fields[field_22eec5d]\" id=\"form-field-field_22eec5d\" class=\"elementor-field elementor-size-sm  elementor-acceptance-field\" required=\"required\">\n\t\t\t\t<label for=\"form-field-field_22eec5d\">I accept the <a href=\"\/politica-de-privacidad\/\" target=\"_blank\">privacy policy,<\/a> terms of use, and to be contacted by Onaris.<\/label>\t\t\t<\/span>\n\t\t<\/div>\n\t\t\t\t\t\t<\/div>\n\t\t\t\t\t\t\t\t<div class=\"elementor-field-group elementor-column elementor-field-type-submit elementor-col-40 e-form__buttons\">\n\t\t\t\t\t<button class=\"elementor-button elementor-size-sm\" type=\"submit\">\n\t\t\t\t\t\t<span class=\"elementor-button-content-wrapper\">\n\t\t\t\t\t\t\t\t\t\t\t\t\t\t\t\t\t\t\t\t\t\t<span class=\"elementor-button-text\">Request<\/span>\n\t\t\t\t\t\t\t\t\t\t\t\t\t<\/span>\n\t\t\t\t\t<\/button>\n\t\t\t\t<\/div>\n\t\t\t<\/div>\n\t\t<\/form>\n\t\t\t\t\t\t<\/div>\n\t\t\t\t<\/div>\n\t\t\t\t<\/div>\n\t\t<div class=\"elementor-element elementor-element-8751933 e-con-full e-flex e-con e-parent\" data-id=\"8751933\" data-element_type=\"container\" data-e-type=\"container\">\n\t\t<div class=\"elementor-element elementor-element-1ff235a e-con-full animated-slow e-flex elementor-invisible e-con e-child\" data-id=\"1ff235a\" data-element_type=\"container\" data-e-type=\"container\" data-settings=\"{&quot;animation&quot;:&quot;fadeIn&quot;}\">\n\t\t\t\t<div class=\"elementor-element elementor-element-78848bc elementor-widget elementor-widget-heading\" data-id=\"78848bc\" data-element_type=\"widget\" data-e-type=\"widget\" data-widget_type=\"heading.default\">\n\t\t\t\t\t<h2 class=\"elementor-heading-title elementor-size-default\">Drive your sales to brilliant results<\/h2>\t\t\t\t<\/div>\n\t\t\t\t<div class=\"elementor-element elementor-element-ad24b04 elementor-widget__width-initial elementor-widget-mobile__width-inherit animated-slow elementor-hidden-desktop elementor-hidden-laptop elementor-hidden-tablet elementor-invisible elementor-widget elementor-widget-google_maps\" data-id=\"ad24b04\" data-element_type=\"widget\" data-e-type=\"widget\" data-settings=\"{&quot;_animation&quot;:&quot;fadeIn&quot;,&quot;_animation_delay&quot;:200}\" data-widget_type=\"google_maps.default\">\n\t\t\t\t\t\t\t<div class=\"elementor-custom-embed\">\n\t\t\t<iframe loading=\"lazy\"\n\t\t\t\t\tsrc=\"https:\/\/maps.google.com\/maps?q=inaC%C3%A1talog%20Omnichannel%20Sales%20by%20Inase%20Inform%C3%A1tica%20del%20Mediterr%C3%A1neo%2C%20S.L.&#038;t=m&#038;z=16&#038;output=embed&#038;iwloc=near\"\n\t\t\t\t\ttitle=\"inaC\u00e1talog Omnichannel Sales by Inase Inform\u00e1tica del Mediterr\u00e1neo, S.L.\"\n\t\t\t\t\taria-label=\"inaC\u00e1talog Omnichannel Sales by Inase Inform\u00e1tica del Mediterr\u00e1neo, S.L.\"\n\t\t\t><\/iframe>\n\t\t<\/div>\n\t\t\t\t\t\t<\/div>\n\t\t\t\t<div class=\"elementor-element elementor-element-45dae86 elementor-align-start elementor-icon-list--layout-traditional elementor-list-item-link-full_width elementor-widget elementor-widget-icon-list\" data-id=\"45dae86\" data-element_type=\"widget\" data-e-type=\"widget\" data-widget_type=\"icon-list.default\">\n\t\t\t\t\t\t\t<ul class=\"elementor-icon-list-items\">\n\t\t\t\t\t\t\t<li class=\"elementor-icon-list-item\">\n\t\t\t\t\t\t\t\t\t\t\t<span class=\"elementor-icon-list-icon\">\n\t\t\t\t\t\t\t<svg xmlns=\"http:\/\/www.w3.org\/2000\/svg\" width=\"50\" height=\"50\" viewBox=\"0 0 50 50\" fill=\"none\"><path d=\"M36.9715 10.5226C36.9715 8.63414 35.4684 7.10327 33.6144 7.10321H16.3856C14.5316 7.10321 13.0285 8.6341 13.0285 10.5226V39.4774C13.0285 41.3659 14.5316 42.8968 16.3856 42.8968H33.6144C35.4684 42.8967 36.9715 41.3659 36.9715 39.4774V10.5226ZM41 39.4774C41 43.632 37.6933 46.9999 33.6144 47H16.3856C12.3067 47 9 43.632 9 39.4774V10.5226C9 6.36797 12.3067 3 16.3856 3H33.6144C37.6933 3.00006 41 6.368 41 10.5226V39.4774Z\" fill=\"url(#paint0_linear_3956_12533)\"><\/path><path d=\"M25.0275 31.4969C26.1399 31.4969 27.0417 32.4154 27.0417 33.5485C27.0417 34.6815 26.1399 35.6001 25.0275 35.6001H24.9999C23.8875 35.6001 22.9857 34.6815 22.9857 33.5485C22.9857 32.4154 23.8875 31.4969 24.9999 31.4969H25.0275Z\" fill=\"url(#paint1_linear_3956_12533)\"><\/path><defs><linearGradient id=\"paint0_linear_3956_12533\" x1=\"61.3682\" y1=\"-11.832\" x2=\"5.18029\" y2=\"38.183\" gradientUnits=\"userSpaceOnUse\"><stop stop-color=\"#FF925C\"><\/stop><stop offset=\"1\" stop-color=\"#FF6360\"><\/stop><\/linearGradient><linearGradient id=\"paint1_linear_3956_12533\" x1=\"61.3682\" y1=\"-11.832\" x2=\"5.18029\" y2=\"38.183\" gradientUnits=\"userSpaceOnUse\"><stop stop-color=\"#FF925C\"><\/stop><stop offset=\"1\" stop-color=\"#FF6360\"><\/stop><\/linearGradient><\/defs><\/svg>\t\t\t\t\t\t<\/span>\n\t\t\t\t\t\t\t\t\t\t<span class=\"elementor-icon-list-text\">+34 962 388 331<\/span>\n\t\t\t\t\t\t\t\t\t<\/li>\n\t\t\t\t\t\t\t\t<li class=\"elementor-icon-list-item\">\n\t\t\t\t\t\t\t\t\t\t\t<span class=\"elementor-icon-list-icon\">\n\t\t\t\t\t\t\t<svg xmlns=\"http:\/\/www.w3.org\/2000\/svg\" width=\"21\" height=\"21\" viewBox=\"0 0 21 21\" fill=\"none\"><path d=\"M10.6159 0.785645L9.13447 8.5157L0.828125 10.0826L9.13447 11.6495L10.6159 19.7974L12.256 11.6495L20.192 10.0826L12.256 8.5157L10.6159 0.785645Z\" stroke=\"url(#paint0_linear_2157_7491)\" stroke-width=\"1.41176\" stroke-linejoin=\"round\"><\/path><path d=\"M3.81641 7.01178C4.58295 5.33315 5.94978 3.9866 7.64215 3.24707M17.4635 7.01178C16.6969 5.33315 15.3301 3.9866 13.6377 3.24707\" stroke=\"url(#paint1_linear_2157_7491)\" stroke-width=\"1.41176\" stroke-linecap=\"round\" stroke-linejoin=\"round\"><\/path><path d=\"M3.81641 13.1298C4.58295 14.8084 5.94978 16.155 7.64215 16.8945M17.4635 13.1298C16.6969 14.8084 15.3301 16.155 13.6377 16.8945\" stroke=\"url(#paint2_linear_2157_7491)\" stroke-width=\"1.41176\" stroke-linecap=\"round\" stroke-linejoin=\"round\"><\/path><defs><linearGradient id=\"paint0_linear_2157_7491\" x1=\"19.4861\" y1=\"0.87976\" x2=\"5.43647\" y2=\"-1.04976\" gradientUnits=\"userSpaceOnUse\"><stop stop-color=\"#FF925C\"><\/stop><stop offset=\"1\" stop-color=\"#FF6360\"><\/stop><\/linearGradient><linearGradient id=\"paint1_linear_2157_7491\" x1=\"18.1435\" y1=\"3.08763\" x2=\"2.37845\" y2=\"3.01946\" gradientUnits=\"userSpaceOnUse\"><stop stop-color=\"#FF925C\"><\/stop><stop offset=\"1\" stop-color=\"#FF6360\"><\/stop><\/linearGradient><linearGradient id=\"paint2_linear_2157_7491\" x1=\"19.0163\" y1=\"2.05632\" x2=\"19.122\" y2=\"18.6566\" gradientUnits=\"userSpaceOnUse\"><stop stop-color=\"#FF925C\"><\/stop><stop offset=\"1\" stop-color=\"#FF6360\"><\/stop><\/linearGradient><\/defs><\/svg>\t\t\t\t\t\t<\/span>\n\t\t\t\t\t\t\t\t\t\t<span class=\"elementor-icon-list-text\">Av. Almansa, 84, 46870 Ontinyent (Val\u00e8ncia) <\/span>\n\t\t\t\t\t\t\t\t\t<\/li>\n\t\t\t\t\t\t\t\t<li class=\"elementor-icon-list-item\">\n\t\t\t\t\t\t\t\t\t\t\t<span class=\"elementor-icon-list-icon\">\n\t\t\t\t\t\t\t<svg xmlns=\"http:\/\/www.w3.org\/2000\/svg\" width=\"18\" height=\"22\" viewBox=\"0 0 18 22\" fill=\"none\"><path d=\"M6 1H12\" stroke=\"url(#paint0_linear_2157_7492)\" stroke-width=\"1.44\" stroke-linecap=\"round\" stroke-linejoin=\"round\"><\/path><path d=\"M9 9V13\" stroke=\"url(#paint1_linear_2157_7492)\" stroke-width=\"1.44\" stroke-linecap=\"round\" stroke-linejoin=\"round\"><\/path><path d=\"M9 21C13.4183 21 17 17.4183 17 13C17 8.58172 13.4183 5 9 5C4.58172 5 1 8.58172 1 13C1 17.4183 4.58172 21 9 21Z\" stroke=\"url(#paint2_linear_2157_7492)\" stroke-width=\"1.44\" stroke-linecap=\"round\" stroke-linejoin=\"round\"><\/path><defs><linearGradient id=\"paint0_linear_2157_7492\" x1=\"17.7275\" y1=\"6.75972\" x2=\"6.26489\" y2=\"9.86768\" gradientUnits=\"userSpaceOnUse\"><stop stop-color=\"#FF925C\"><\/stop><stop offset=\"1\" stop-color=\"#FF6360\"><\/stop><\/linearGradient><linearGradient id=\"paint1_linear_2157_7492\" x1=\"27.1822\" y1=\"3.97378\" x2=\"25.7489\" y2=\"1.58944\" gradientUnits=\"userSpaceOnUse\"><stop stop-color=\"#FF925C\"><\/stop><stop offset=\"1\" stop-color=\"#FF6360\"><\/stop><\/linearGradient><linearGradient id=\"paint2_linear_2157_7492\" x1=\"17.7973\" y1=\"4.32239\" x2=\"3.9765\" y2=\"2.18914\" gradientUnits=\"userSpaceOnUse\"><stop stop-color=\"#FF925C\"><\/stop><stop offset=\"1\" stop-color=\"#FF6360\"><\/stop><\/linearGradient><\/defs><\/svg>\t\t\t\t\t\t<\/span>\n\t\t\t\t\t\t\t\t\t\t<span class=\"elementor-icon-list-text\">Mon- Thu: 08:00h-14:00h and 15:00h-17:30h Friday: 08:00h - 14:00h<\/span>\n\t\t\t\t\t\t\t\t\t<\/li>\n\t\t\t\t\t\t<\/ul>\n\t\t\t\t\t\t<\/div>\n\t\t\t\t<\/div>\n\t\t\t\t<div class=\"elementor-element elementor-element-55de4c6 elementor-widget__width-initial elementor-widget-mobile__width-inherit animated-slow elementor-hidden-mobile elementor-invisible elementor-widget elementor-widget-google_maps\" data-id=\"55de4c6\" data-element_type=\"widget\" data-e-type=\"widget\" data-settings=\"{&quot;_animation&quot;:&quot;fadeIn&quot;,&quot;_animation_delay&quot;:200}\" data-widget_type=\"google_maps.default\">\n\t\t\t\t\t\t\t<div class=\"elementor-custom-embed\">\n\t\t\t<iframe loading=\"lazy\"\n\t\t\t\t\tsrc=\"https:\/\/maps.google.com\/maps?q=inaC%C3%A1talog%20Omnichannel%20Sales%20by%20Inase%20Inform%C3%A1tica%20del%20Mediterr%C3%A1neo%2C%20S.L.&#038;t=m&#038;z=16&#038;output=embed&#038;iwloc=near\"\n\t\t\t\t\ttitle=\"inaC\u00e1talog Omnichannel Sales by Inase Inform\u00e1tica del Mediterr\u00e1neo, S.L.\"\n\t\t\t\t\taria-label=\"inaC\u00e1talog Omnichannel Sales by Inase Inform\u00e1tica del Mediterr\u00e1neo, S.L.\"\n\t\t\t><\/iframe>\n\t\t<\/div>\n\t\t\t\t\t\t<\/div>\n\t\t\t\t<\/div>\n\t\t\t\t<\/div>\n\t\t","protected":false},"excerpt":{"rendered":"<p>We are here to listen Leave your details, and we will ensure your inquiry receives the expert attention it needs. Drive your sales to brilliant results +34 962 388 331 Av. Almansa, 84, 46870 Ontinyent (Val\u00e8ncia) Mon- Thu: 08:00h-14:00h and 15:00h-17:30h Friday: 08:00h &#8211; 14:00h<\/p>\n","protected":false},"author":3,"featured_media":0,"parent":0,"menu_order":0,"comment_status":"closed","ping_status":"closed","template":"","meta":{"footnotes":""},"class_list":["post-3850","page","type-page","status-publish","hentry"],"_links":{"self":[{"href":"https:\/\/weareonaris.com\/en\/wp-json\/wp\/v2\/pages\/3850","targetHints":{"allow":["GET"]}}],"collection":[{"href":"https:\/\/weareonaris.com\/en\/wp-json\/wp\/v2\/pages"}],"about":[{"href":"https:\/\/weareonaris.com\/en\/wp-json\/wp\/v2\/types\/page"}],"author":[{"embeddable":true,"href":"https:\/\/weareonaris.com\/en\/wp-json\/wp\/v2\/users\/3"}],"replies":[{"embeddable":true,"href":"https:\/\/weareonaris.com\/en\/wp-json\/wp\/v2\/comments?post=3850"}],"version-history":[{"count":10,"href":"https:\/\/weareonaris.com\/en\/wp-json\/wp\/v2\/pages\/3850\/revisions"}],"predecessor-version":[{"id":4443,"href":"https:\/\/weareonaris.com\/en\/wp-json\/wp\/v2\/pages\/3850\/revisions\/4443"}],"wp:attachment":[{"href":"https:\/\/weareonaris.com\/en\/wp-json\/wp\/v2\/media?parent=3850"}],"curies":[{"name":"wp","href":"https:\/\/api.w.org\/{rel}","templated":true}]}}